{"id":2427,"date":"2024-01-25T20:17:29","date_gmt":"2021-03-09T09:03:37","guid":{"rendered":"https:\/\/spain-extranjeria.lndo.site\/about-us\/"},"modified":"2024-12-05T17:34:20","modified_gmt":"2024-12-05T17:34:20","slug":"quienes-somos","status":"publish","type":"page","link":"https:\/\/spain-extranjeria.com\/fr\/qui-sommes-nous\/","title":{"rendered":"Qui sommes-nous"},"content":{"rendered":"<div data-elementor-type=\"wp-page\" data-elementor-id=\"2427\" class=\"elementor elementor-2427\">\n\t\t\t\t<div class=\"elementor-element elementor-element-744ad321 e-flex e-con-boxed e-con e-parent\" data-id=\"744ad321\" data-element_type=\"container\" data-core-v316-plus=\"true\">\n\t\t\t\t\t<div class=\"e-con-inner\">\n\t\t\t\t<div class=\"elementor-element elementor-element-676c8dfc elementor-widget elementor-widget-text-editor\" data-id=\"676c8dfc\" data-element_type=\"widget\" data-widget_type=\"text-editor.default\">\n\t\t\t\t<div class=\"elementor-widget-container\">\n\t\t\t<style>\/*! elementor - v3.20.0 - 26-03-2024 *\/\n.elementor-widget-text-editor.elementor-drop-cap-view-stacked .elementor-drop-cap{background-color:#69727d;color:#fff}.elementor-widget-text-editor.elementor-drop-cap-view-framed .elementor-drop-cap{color:#69727d;border:3px solid;background-color:transparent}.elementor-widget-text-editor:not(.elementor-drop-cap-view-default) .elementor-drop-cap{margin-top:8px}.elementor-widget-text-editor:not(.elementor-drop-cap-view-default) .elementor-drop-cap-letter{width:1em;height:1em}.elementor-widget-text-editor .elementor-drop-cap{float:left;text-align:center;line-height:1;font-size:50px}.elementor-widget-text-editor .elementor-drop-cap-letter{display:inline-block}<\/style>\t\t\t\t<!-- wp:paragraph -->\n<p><span style=\"font-weight: 400;\">Cabinet professionnel d'avocats et de gestionnaires sp\u00e9cialis\u00e9s en immigration et nationalit\u00e9 espagnole.<\/span><\/p>\n<p>Nous travaillons \u00e0 l'\u00e9chelle nationale (y compris les \u00eeles) ; nous avons des collaborations et des accords avec de grandes entreprises r\u00e9parties dans toute l'Espagne gr\u00e2ce \u00e0 notre exp\u00e9rience \u00e9tendue, notre professionnalisme et notre agilit\u00e9 dans le traitement des proc\u00e9dures, et dans la r\u00e9solution des probl\u00e8mes de mani\u00e8re individualis\u00e9e.<\/p>\n<p>Nous sommes caract\u00e9ris\u00e9s par le traitement personnel et proche que nous accordons au client, rendant chaque cas unique. Nous \u00e9valuons et \u00e9tudions les diff\u00e9rentes options pour r\u00e9soudre et atteindre l'objectif du client de mani\u00e8re plus efficace.<\/p>\n<p>Bien que nous travaillions \u00e0 l'\u00e9chelle nationale pour toutes les nationalit\u00e9s du monde, nous nous sp\u00e9cialisons dans l'Am\u00e9rique du Sud et le Maroc.<\/p>\n<p>Nous nous appuyons sur une longue exp\u00e9rience. Contactez-nous pour une \u00e9tude gratuite de votre situation.<\/p>\n<p>\u00a0<\/p>\n<!-- \/wp:paragraph -->\t\t\t\t\t\t<\/div>\n\t\t\t\t<\/div>\n\t\t\t\t\t<\/div>\n\t\t\t\t<\/div>\n\t\t<div class=\"elementor-element elementor-element-d11cb18 e-flex e-con-boxed e-con e-parent\" data-id=\"d11cb18\" data-element_type=\"container\" data-core-v316-plus=\"true\">\n\t\t\t\t\t<div class=\"e-con-inner\">\n\t\t\t\t<div class=\"elementor-element elementor-element-60aebc9 elementor-widget elementor-widget-html\" data-id=\"60aebc9\" data-element_type=\"widget\" data-widget_type=\"html.default\">\n\t\t\t\t<div class=\"elementor-widget-container\">\n\t\t\t<div class=\"accordion-container\">\r\n  <h2 class=\"accordion-title\">\u00c0 propos de nous - Espagne extranjeria<\/h2>\r\n  <div class=\"panel\">\r\n\r\n    <!-- Palabras clave secundarias -->\r\n    <h2>Avocats sp\u00e9cialis\u00e9s dans les \u00e9trangers et la nationalit\u00e9 espagnole<\/h2>\r\n    <p>Au <strong>Espagne Extranjer\u00eda<\/strong>Nous disposons d'une \u00e9quipe de <strong>avocats sp\u00e9cialis\u00e9s en droit de l'immigration<\/strong> qui offrent un traitement personnalis\u00e9 et de proximit\u00e9 \u00e0 chaque client. Notre longue exp\u00e9rience nous permet de g\u00e9rer toutes les <strong>proc\u00e9dures pour les \u00e9trangers et la nationalit\u00e9 espagnole<\/strong> de mani\u00e8re efficace et professionnelle.<\/p>\r\n\r\n    <h3>Comment pouvons-nous vous aider dans vos d\u00e9marches d'immigration en Espagne ?<\/h3>\r\n    <p>Notre <strong>avocats sp\u00e9cialis\u00e9s en droit de l'immigration<\/strong> sont pr\u00eats \u00e0 vous conseiller sur tous les types de proc\u00e9dures, du permis de s\u00e9jour \u00e0 l'obtention de la nationalit\u00e9. Nous analyserons votre cas et vous proposerons la meilleure solution, en veillant \u00e0 ce que le processus soit rapide et simple.<\/p>\r\n\r\n    <h4>Exp\u00e9rience des proc\u00e9dures d'immigration<\/h4>\r\n    <p>Forte d'une longue exp\u00e9rience dans le secteur, notre \u00e9quipe garantit des r\u00e9sultats efficaces dans tous les types de proc\u00e9dures d'immigration.<\/p>\r\n\r\n    <h4>Conseils juridiques personnalis\u00e9s<\/h4>\r\n    <p>Nous proposons une <strong>des conseils juridiques personnalis\u00e9s<\/strong>Nous offrons une gamme de services, adapt\u00e9s aux besoins sp\u00e9cifiques de chaque client, afin de garantir le succ\u00e8s des proc\u00e9dures.<\/p>\r\n\r\n    <h4>Des exemples de r\u00e9ussite dans toute l'Espagne<\/h4>\r\n    <p>Nous avons trait\u00e9 avec succ\u00e8s des milliers de dossiers au fil des ans, aidant des personnes du monde entier \u00e0 r\u00e9gulariser leur situation en Espagne.<\/p>\r\n\r\n    <h3>Quels services Spain Extranjer\u00eda offre-t-elle aux \u00e9trangers en Espagne ?<\/h3>\r\n    <p>Parmi nos services, nous mettons l'accent sur <strong>obtention de la r\u00e9sidence<\/strong>, <strong>renouvellement des permis de travail<\/strong>, <strong>Nationalit\u00e9 espagnole<\/strong>et la gestion des <strong>regroupement familial<\/strong>. Nous servons des clients de toutes nationalit\u00e9s, avec une attention particuli\u00e8re pour l'Am\u00e9rique du Sud et le Maroc.<\/p>\r\n\r\n    <h4>Obtenir la r\u00e9sidence en Espagne<\/h4>\r\n    <p>Nous traitons tous les types de permis de s\u00e9jour, y compris les permis de s\u00e9jour fond\u00e9s sur le principe de l'arraigo, les permis de travail et les permis de s\u00e9jour sans but lucratif.<\/p>\r\n\r\n    <h4>Nationalit\u00e9 espagnole<\/h4>\r\n    <p>Nous vous assistons dans l'ensemble du processus de <strong>l'obtention de la nationalit\u00e9 espagnole<\/strong>Nous veillons \u00e0 ce que vous respectiez toutes les exigences l\u00e9gales et \u00e0 ce que vous pr\u00e9sentiez les documents n\u00e9cessaires.<\/p>\r\n\r\n    <h4>Regroupement familial<\/h4>\r\n    <p>Nous g\u00e9rons le processus de <strong>regroupement familial<\/strong>La nouvelle loi permet aux membres de la famille d'un \u00e9tranger d'\u00eatre r\u00e9unis avec lui en Espagne.<\/p>\r\n\r\n    <!-- Bot\u00f3n al final del h2 -->\r\n    <div class=\"button-container\">\r\n      <a href=\"https:\/\/spain-extranjeria.com\/fr\/contactez-nous\/\" class=\"cta-button\">Contactez nos avocats<\/a>\r\n    <\/div>\r\n\r\n    <h2>Proc\u00e9dures d'immigration dans l'ensemble du pays<\/h2>\r\n    <p>Au <strong>Espagne Extranjer\u00eda<\/strong>nous r\u00e9alisons <strong>Formalit\u00e9s d'immigration dans toute l'Espagne<\/strong>y compris les \u00eeles. Notre r\u00e9seau de partenaires et nos accords avec des entreprises dans tout le pays nous permettent d'offrir un service rapide et efficace dans n'importe quelle r\u00e9gion.<\/p>\r\n\r\n    <h3>Comment op\u00e9rons-nous dans toute l'Espagne ?<\/h3>\r\n    <p>Gr\u00e2ce \u00e0 notre <strong>collaborations au niveau national<\/strong> avec des entreprises et des entit\u00e9s, nous pouvons offrir des solutions rapides et adapt\u00e9es \u00e0 chaque client, quelle que soit sa situation g\u00e9ographique en Espagne.<\/p>\r\n\r\n    <h4>Services dans les \u00eeles Canaries et Bal\u00e9ares<\/h4>\r\n    <p>Nous nous occupons \u00e9galement des proc\u00e9dures d'immigration dans les \u00eeles Canaries et les \u00eeles Bal\u00e9ares, en offrant la m\u00eame qualit\u00e9 et la m\u00eame rapidit\u00e9 de service.<\/p>\r\n\r\n    <h4>Accords avec des entreprises dans toute l'Espagne<\/h4>\r\n    <p>Gr\u00e2ce \u00e0 des accords et \u00e0 des collaborations avec de grandes entreprises dans tout le pays, nous sommes en mesure de g\u00e9rer efficacement les proc\u00e9dures d'immigration.<\/p>\r\n\r\n    <h4>Assistance \u00e0 distance et en personne<\/h4>\r\n    <p>Nous proposons des services en face \u00e0 face et \u00e0 distance, afin que vous puissiez g\u00e9rer vos proc\u00e9dures d'immigration depuis n'importe quel endroit en Espagne.<\/p>\r\n\r\n    <!-- Bot\u00f3n al final del h2 -->\r\n    <div class=\"button-container\">\r\n      <a href=\"https:\/\/spain-extranjeria.com\/fr\/services\/\" class=\"cta-button\">Consulter nos services<\/a>\r\n    <\/div>\r\n\r\n    <h2>Un traitement rapproch\u00e9 et personnalis\u00e9 dans chaque cas<\/h2>\r\n    <p>Ce qui nous diff\u00e9rencie dans <strong>Espagne Extranjer\u00eda<\/strong> est le <strong>traitement rapproch\u00e9 et personnel<\/strong> que nous donnons \u00e0 chaque client. Nous \u00e9tudions chaque situation individuellement, en recherchant toujours la solution la plus appropri\u00e9e pour atteindre les objectifs du client.<\/p>\r\n\r\n    <h3>Pourquoi le traitement personnalis\u00e9 est-il important dans les proc\u00e9dures d'immigration ?<\/h3>\r\n    <p>Nous savons que chaque cas est unique, et c'est pourquoi nous offrons un service d'aide \u00e0 la d\u00e9cision. <strong>service personnalis\u00e9<\/strong> \u00e0 chaque client, en veillant \u00e0 ce que tous les besoins sp\u00e9cifiques soient satisfaits et \u00e0 ce que le processus se d\u00e9roule le plus harmonieusement possible.<\/p>\r\n\r\n    <h4>Attention individuelle<\/h4>\r\n    <p>Nous veillons \u00e0 ce que chaque client re\u00e7oive une attention personnalis\u00e9e, en envisageant toutes les options possibles pour r\u00e9soudre sa situation aussi rapidement et efficacement que possible.<\/p>\r\n\r\n    <h4>R\u00e9solution efficace des probl\u00e8mes<\/h4>\r\n    <p>Notre \u00e9quipe poss\u00e8de l'exp\u00e9rience et les outils n\u00e9cessaires pour <strong>r\u00e9soudre les probl\u00e8mes<\/strong> qui peuvent survenir au cours de la proc\u00e9dure d'immigration.<\/p>\r\n\r\n    <h4>Contact direct avec le client<\/h4>\r\n    <p>Nous \u00e9tablissons un contact direct avec chaque client, nous le tenons inform\u00e9 de l'\u00e9tat d'avancement de son dossier et nous r\u00e9pondons \u00e0 toutes ses questions.<\/p>\r\n\r\n    <!-- Bot\u00f3n al final del h2 -->\r\n    <div class=\"button-container\">\r\n      <a href=\"https:\/\/spain-extranjeria.com\/fr\/contactez-nous\/\" class=\"cta-button\">Contactez-nous pour plus d'informations<\/a>\r\n    <\/div>\r\n\r\n  <\/div>\r\n<\/div>\r\n\r\n<style>\r\n  \/* Centrar el acorde\u00f3n en la p\u00e1gina *\/\r\n  .accordion-container {\r\n    width: 80%;\r\n    margin: 0 auto;\r\n    padding: 10px;\r\n    border: none;\r\n    border-radius: 0px;\r\n    background-color: white;\r\n    text-align: center;\r\n  }\r\n\r\n  \/* Estilo para el t\u00edtulo principal *\/\r\n  .accordion-title {\r\n    cursor: pointer;\r\n    padding: 15px;\r\n    background-color: #3e83b1;\r\n    color: white;\r\n    font-size: 28px;\r\n    text-align: center;\r\n    border: none;\r\n    border-radius: 5px;\r\n  }\r\n\r\n  \/* Estilo para los t\u00edtulos de los paneles *\/\r\n  .panel h2 {\r\n    margin: 10px 0;\r\n    font-size: 22px;\r\n    color: #333;\r\n  }\r\n\r\n  .panel h3 {\r\n    margin: 10px 0;\r\n    font-size: 20px;\r\n    color: #444;\r\n  }\r\n\r\n  .panel h4 {\r\n    margin: 10px 0;\r\n    font-size: 18px;\r\n    color: #555;\r\n  }\r\n\r\n  \/* Panel (contenido desplegable) *\/\r\n  .panel {\r\n    padding: 0 18px;\r\n    display: none;\r\n    margin-top: 10px;\r\n    text-align: left;\r\n  }\r\n\r\n  .panel p {\r\n    margin: 0 0 15px;\r\n  }\r\n\r\n  .accordion-title.active {\r\n    background-color: #3e83b1;\r\n  }\r\n\r\n  \/* Contenedor del bot\u00f3n centrado *\/\r\n  .button-container {\r\n    display: flex;\r\n    justify-content: center;\r\n    margin-top: 15px;\r\n  }\r\n\r\n  \/* Estilo para los botones *\/\r\n  .cta-button {\r\n    display: inline-block;\r\n    padding: 8px 16px;\r\n    background-color: #3e83b1; \/* Color azul 3e83b1 *\/\r\n    color: white;\r\n    border: none;\r\n    border-radius: 5px;\r\n    cursor: pointer;\r\n    font-size: 14px;\r\n    text-decoration: none;\r\n  }\r\n\r\n  .cta-button:hover {\r\n    background-color: #0056b3;\r\n  }\r\n<\/style>\r\n\r\n<script>\r\n  document.querySelector('.accordion-title').addEventListener('click', function() {\r\n    this.classList.toggle('active');\r\n    const panel = document.querySelector('.panel');\r\n    if (panel.style.display === \"block\") {\r\n      panel.style.display = \"none\";\r\n    } else {\r\n      panel.style.display = \"block\";\r\n    }\r\n  });\r\n<\/script>\r\n\t\t<\/div>\n\t\t\t\t<\/div>\n\t\t\t\t\t<\/div>\n\t\t\t\t<\/div>\n\t\t\t\t<\/div>","protected":false},"excerpt":{"rendered":"<p>Cabinet professionnel d'avocats et de gestionnaires sp\u00e9cialis\u00e9s dans les \u00e9trangers et la nationalit\u00e9 espagnole. Nous travaillons sur l'ensemble du territoire national (y compris les \u00eeles) ; nous avons des collaborations et des accords avec de grandes entreprises en Espagne et [...]<\/p>","protected":false},"author":1,"featured_media":0,"parent":0,"menu_order":0,"comment_status":"closed","ping_status":"closed","template":"","meta":{"footnotes":""},"aioseo_notices":[],"_links":{"self":[{"href":"https:\/\/spain-extranjeria.com\/fr\/wp-json\/wp\/v2\/pages\/2427"}],"collection":[{"href":"https:\/\/spain-extranjeria.com\/fr\/wp-json\/wp\/v2\/pages"}],"about":[{"href":"https:\/\/spain-extranjeria.com\/fr\/wp-json\/wp\/v2\/types\/page"}],"author":[{"embeddable":true,"href":"https:\/\/spain-extranjeria.com\/fr\/wp-json\/wp\/v2\/users\/1"}],"replies":[{"embeddable":true,"href":"https:\/\/spain-extranjeria.com\/fr\/wp-json\/wp\/v2\/comments?post=2427"}],"version-history":[{"count":34,"href":"https:\/\/spain-extranjeria.com\/fr\/wp-json\/wp\/v2\/pages\/2427\/revisions"}],"predecessor-version":[{"id":6929,"href":"https:\/\/spain-extranjeria.com\/fr\/wp-json\/wp\/v2\/pages\/2427\/revisions\/6929"}],"wp:attachment":[{"href":"https:\/\/spain-extranjeria.com\/fr\/wp-json\/wp\/v2\/media?parent=2427"}],"curies":[{"name":"wp","href":"https:\/\/api.w.org\/{rel}","templated":true}]}}