{"id":3,"date":"2023-07-24T10:50:24","date_gmt":"2023-07-24T10:50:24","guid":{"rendered":"https:\/\/spain-extranjeria.lndo.site\/?page_id=3"},"modified":"2024-09-11T14:05:43","modified_gmt":"2024-09-11T14:05:43","slug":"terminos-condiciones","status":"publish","type":"page","link":"https:\/\/spain-extranjeria.com\/fr\/conditions-generales\/","title":{"rendered":"Conditions G\u00e9n\u00e9rales de Vente"},"content":{"rendered":"<div data-elementor-type=\"wp-page\" data-elementor-id=\"3\" class=\"elementor elementor-3\">\n\t\t\t\t<div class=\"elementor-element elementor-element-eb680e6 e-flex e-con-boxed e-con e-parent\" data-id=\"eb680e6\" data-element_type=\"container\" data-core-v316-plus=\"true\">\n\t\t\t\t\t<div class=\"e-con-inner\">\n\t\t\t\t<div class=\"elementor-element elementor-element-73691adc elementor-widget elementor-widget-text-editor\" data-id=\"73691adc\" data-element_type=\"widget\" data-widget_type=\"text-editor.default\">\n\t\t\t\t<div class=\"elementor-widget-container\">\n\t\t\t<style>\/*! elementor - v3.20.0 - 26-03-2024 *\/\n.elementor-widget-text-editor.elementor-drop-cap-view-stacked .elementor-drop-cap{background-color:#69727d;color:#fff}.elementor-widget-text-editor.elementor-drop-cap-view-framed .elementor-drop-cap{color:#69727d;border:3px solid;background-color:transparent}.elementor-widget-text-editor:not(.elementor-drop-cap-view-default) .elementor-drop-cap{margin-top:8px}.elementor-widget-text-editor:not(.elementor-drop-cap-view-default) .elementor-drop-cap-letter{width:1em;height:1em}.elementor-widget-text-editor .elementor-drop-cap{float:left;text-align:center;line-height:1;font-size:50px}.elementor-widget-text-editor .elementor-drop-cap-letter{display:inline-block}<\/style>\t\t\t\t<!-- wp:group {\"layout\":{\"type\":\"constrained\"}} -->\n<div class=\"wp-block-group\"><!-- wp:group {\"layout\":{\"type\":\"constrained\"}} -->\n<div class=\"wp-block-group\"><!-- wp:paragraph -->\n<p class=\" translation-block\"><strong>1.- Identification des parties<\/strong>D'une part, ALEJANDRA RAMIREZ ABOGADOS, exploitant du site web www.spain-extranjeria.com, appartenant \u00e0 Do\u00f1a Alejandra Ram\u00edrez Mesa (ci-apr\u00e8s d\u00e9nomm\u00e9e ALEJANDRA RAMIREZ ABOGADOS), avocate du Barreau d'Illustre de M\u00e1laga, inscrite sous le num\u00e9ro 9944, avec adresse professionnelle \u00e0 Calle Alameda de Col\u00f3n, 17, 1\u00ba A (M\u00e1laga), dot\u00e9e du NIF 76.429.302-A, avec num\u00e9ro de t\u00e9l\u00e9phone 687 189 259.<\/p>\n<!-- \/wp:paragraph --><!-- wp:paragraph -->\n<p class=\" translation-block\">D'autre part, l'utilisateur, le visiteur, le client ou l'abonn\u00e9 (ci-apr\u00e8s d\u00e9nomm\u00e9 le Client), dont les donn\u00e9es sont celles qui ont \u00e9t\u00e9 fournies par lui dans le formulaire de souscription. Toutes les donn\u00e9es incluses dans ledit formulaire ont \u00e9t\u00e9 saisies directement par lui, de sorte que la responsabilit\u00e9 de leur authenticit\u00e9 incombe, directement et exclusivement, au Client.Ces Conditions G\u00e9n\u00e9rales de Contrat s'appliquent aux contrats de services juridiques conclus par le biais de la section \"Services en ligne\" du site Web, compl\u00e9tant ce qui est \u00e9tabli dans l'Avis Juridique, et ont \u00e9t\u00e9 \u00e9tablies par ALEJANDRA RAMIREZ ABOGADOS et accept\u00e9es par le Client.<\/p>\n<!-- \/wp:paragraph --><!-- wp:paragraph -->\n<p>Conform\u00e9ment \u00e0 l'obligation d'information pr\u00e9vue \u00e0 l'article 10 de la loi 34\/2002, du 11 juillet, sur les services de la soci\u00e9t\u00e9 de l'information et du commerce \u00e9lectronique, les donn\u00e9es suivantes sont refl\u00e9t\u00e9es ci-dessous:<\/p>\n<!-- \/wp:paragraph --><!-- wp:paragraph -->\n<p>La repr\u00e9sentation l\u00e9gale et la responsabilit\u00e9 du domaine spain-extranjeria.com (ci-apr\u00e8s, le Site Web) sont assur\u00e9es par Alejandra Ram\u00edrez Mesa, avec le NIF 76429302A (Alejandra Ram\u00edrez Abogados) et l'adresse pour les notifications \u00e0 Calle Alameda de Col\u00f3n, 17, 1\u00ba A (M\u00e1laga).<\/p>\n<!-- \/wp:paragraph --><!-- wp:paragraph -->\n<p class=\" translation-block\"><strong>2.- Justification<\/strong>Conform\u00e9ment aux dispositions de la loi 34\/2002, du 11 juillet, sur les services de la soci\u00e9t\u00e9 de l'information et du commerce \u00e9lectronique, ainsi qu'\u00e0 la loi 7\/1998, du 13 avril, sur les conditions g\u00e9n\u00e9rales de contrat, et au d\u00e9cret-loi royal 14\/1999 du 7 d\u00e9cembre, en plus du d\u00e9cret royal 1.906\/1999, du 17 d\u00e9cembre, r\u00e9glementant la conclusion de contrats par t\u00e9l\u00e9phone ou \u00e9lectroniquement avec des conditions g\u00e9n\u00e9rales en d\u00e9veloppement de l'article 5.3 de la loi 7\/1998, du 13 avril, sur les conditions g\u00e9n\u00e9rales de contrat, ainsi que d'autres l\u00e9gislations applicables, ALEJANDRA RAMIREZ ABOGADOS \u00e9tablit les Conditions G\u00e9n\u00e9rales de Contrat suivantes pour les services juridiques offerts.La p\u00e9riode de validit\u00e9 des Conditions G\u00e9n\u00e9rales de Contrat sera le temps qu'elles restent publi\u00e9es sur le site web, et se r\u00e9f\u00e9rera au service contract\u00e9 au moment o\u00f9 ces conditions \u00e9taient disponibles. La conclusion des Services Juridiques implique l'acceptation pleine et sans r\u00e9serve de chacune des pr\u00e9sentes Conditions G\u00e9n\u00e9rales de Contrat.<\/p>\n<!-- \/wp:paragraph --><!-- wp:paragraph -->\n<p class=\" translation-block\"><strong>3.- Objet<\/strong>. \nLes pr\u00e9sentes Conditions G\u00e9n\u00e9rales de Contrat ont pour objet la location de Services Juridiques fournis par les avocats et conseillers juridiques d'ALEJANDRA RAMIREZ ABOGADOS, en \u00e9change de frais pr\u00e9d\u00e9termin\u00e9s par le Cabinet.Conform\u00e9ment \u00e0 la l\u00e9gislation applicable, pour acqu\u00e9rir des Services Juridiques, le Client doit avoir la capacit\u00e9 juridique n\u00e9cessaire \u00e0 la conclusion de contrats telle que d\u00e9finie par la loi, \u00e9tant entendu qu'il la poss\u00e8de en remplissant le formulaire demandant la fourniture de Services Juridiques. Si le Client agit au nom d'une personne morale, en acceptant ces Conditions G\u00e9n\u00e9rales de Contrat, il d\u00e9clare avoir les pouvoirs de repr\u00e9sentation n\u00e9cessaires.<\/p>\n<!-- \/wp:paragraph --><!-- wp:paragraph -->\n<p><strong>4.- Langue<\/strong><strong><br \/><\/strong>La langue de travail et de r\u00e9ponse \u00e0 la consultation, ainsi que pour la formalisation et l'interpr\u00e9tation de ce contrat, sera en tout cas l'espagnol (prioritairement), l'anglais ou le fran\u00e7ais (exceptionnellement). Si le client souhaite contracter la prestation de services juridiques dans une langue autre que l'espagnol, il doit consulter le Cabinet au pr\u00e9alable.<\/p>\n<!-- \/wp:paragraph --><!-- wp:paragraph -->\n<p class=\" translation-block\"><p><strong>5.- Description des Services Juridiques et M\u00e9thodologie de Contrat. <\/strong>Pour souscrire \u00e0 un Service Juridique en ligne, le Client doit remplir de mani\u00e8re interactive les champs obligatoires du formulaire correspondant et soumettre sa requ\u00eate concernant le domaine du droit espagnol dans lequel le Cabinet est sp\u00e9cialis\u00e9. En aucun cas, les documents, contrats, textes ou autres contenus suppl\u00e9mentaires diff\u00e9rents de ceux fournis dans le formulaire de souscription des Services Juridiques ne seront analys\u00e9s.Dans la plupart des proc\u00e9dures, le cabinet ne recevra pas les honoraires convenus avec le client et pr\u00e9c\u00e9demment sign\u00e9s dans des documents d'engagement avant que la proc\u00e9dure ne soit termin\u00e9e et que la preuve en soit envoy\u00e9e.<\/p><\/p>\n<!-- \/wp:paragraph --><!-- wp:paragraph -->\n<p><p>Conform\u00e9ment \u00e0 la d\u00e9cision du client, si la proc\u00e9dure n\u00e9cessite le paiement d'une taxe, le cabinet ALEJANDRA RAMIREZ ABOGADOS les paiera au nom du client, et le montant sera ajout\u00e9 \u00e0 la r\u00e9mun\u00e9ration re\u00e7ue au moment voulu.<\/p><\/p>\n<!-- \/wp:paragraph --><!-- wp:paragraph -->\n<p class=\" translation-block\"><p>Dans le document que le client signe s'engageant \u00e0 souscrire aux services d'ALEJANDRA RAMIREZ ABOGADOS, le d\u00e9lai sans p\u00e9nalit\u00e9 pour effectuer le(s) paiement(s) est stipul\u00e9, et en cas de non-respect, une p\u00e9nalit\u00e9 par jour de retard doit \u00eatre pay\u00e9e.<\/p>\n  \n  <p>Les r\u00e9ponses aux consultations juridiques effectu\u00e9es par les Utilisateurs-Client sont pr\u00e9par\u00e9es et\/ou supervis\u00e9es par des avocats en exercice ou des conseillers juridiques titulaires d'une licence en droit ; cependant, leur nature est purement indicative et g\u00e9n\u00e9rique, bas\u00e9e uniquement sur les informations fournies par le Client dans sa consultation via le formulaire web.<\/p>\n  \n  <p>Ces r\u00e9ponses ne constituent en aucun cas un avis juridique sp\u00e9cifique, qui ne peut \u00eatre fourni que par un avocat\/gestionnaire sur la base de la documentation pertinente et apr\u00e8s examen de toutes les circonstances de l'affaire, et non seulement de celles fournies par le Client.<\/p><\/p>\n<!-- \/wp:paragraph --><!-- wp:paragraph -->\n<p><strong><strong>6. \u2013 Exclusion de responsabilit\u00e9 de :<\/strong><\/strong><\/p>\n<!-- \/wp:paragraph --><!-- wp:list -->\n<ul><!-- wp:list-item -->\n<li><strong><strong>L'INFORMATION<\/strong><\/strong><\/li>\n<!-- \/wp:list-item --><\/ul>\n<!-- \/wp:list --><!-- wp:paragraph -->\n<p><p>L'acc\u00e8s au Portail n'implique aucune obligation de la part d'ALEJANDRA RAM\u00cdREZ ABOGADOS de v\u00e9rifier la v\u00e9racit\u00e9, l'exactitude, l'ad\u00e9quation, la pertinence, l'exhaustivit\u00e9 et l'actualit\u00e9 des informations fournies \u00e0 travers celui-ci. Le contenu de cette page est de nature g\u00e9n\u00e9rale et ne constitue en aucun cas la fourniture d'un service de conseil juridique ou fiscal, de sorte que ces informations sont insuffisantes pour la prise de d\u00e9cisions personnelles ou commerciales par l'Utilisateur.<\/p><\/p>\n<!-- \/wp:paragraph --><!-- wp:paragraph -->\n<p><p>ALEJANDRA RAM\u00cdREZ ABOGADOS ne sera pas responsable des d\u00e9cisions prises sur la base des informations fournies sur le Portail ni des dommages et pertes subis par l'Utilisateur ou des tiers en raison d'actions fond\u00e9es uniquement sur les informations obtenues \u00e0 partir du Portail.<\/p><\/p>\n<!-- \/wp:paragraph --><!-- wp:list -->\n<ul><!-- wp:list-item -->\n<li><strong>LA QUALIT\u00c9 DU SERVICE<\/strong><\/li>\n<!-- \/wp:list-item --><\/ul>\n<!-- \/wp:list --><!-- wp:paragraph -->\n<p><p>L'acc\u00e8s au Portail n'implique aucune obligation de la part d'ALEJANDRA RAM\u00cdREZ ABOGADOS de contr\u00f4ler l'absence de virus, de vers ou de tout autre \u00e9l\u00e9ment informatique nuisible. Il incombe \u00e0 l'Utilisateur, en tout \u00e9tat de cause, de disposer d'outils adapt\u00e9s pour la d\u00e9tection et la d\u00e9sinfection des programmes informatiques nuisibles.<\/p><\/p>\n<!-- \/wp:paragraph --><!-- wp:paragraph -->\n<p><p>ALEJANDRA RAM\u00cdREZ ABOGADOS ne sera pas responsable des dommages caus\u00e9s aux \u00e9quipements informatiques des Utilisateurs ou des tiers pendant la fourniture du service du Portail.<\/p><\/p>\n<!-- \/wp:paragraph --><!-- wp:list -->\n<ul><!-- wp:list-item -->\n<li><strong>DISPONIBILIT\u00c9 DU SERVICE<\/strong><\/li>\n<!-- \/wp:list-item --><\/ul>\n<!-- \/wp:list --><!-- wp:paragraph -->\n<p><p>L'acc\u00e8s au Portail n\u00e9cessite des services et des fournitures de tiers, y compris le transport via des r\u00e9seaux de t\u00e9l\u00e9communications dont la fiabilit\u00e9, la qualit\u00e9, la continuit\u00e9 et le fonctionnement ne rel\u00e8vent pas de la responsabilit\u00e9 d'ALEJANDRA RAM\u00cdREZ ABOGADOS. Par cons\u00e9quent, les services fournis via le Portail peuvent \u00eatre suspendus, annul\u00e9s ou devenir inaccessibles, pr\u00e9alablement ou simultan\u00e9ment \u00e0 la prestation du service du Portail.<\/p><\/p>\n<!-- \/wp:paragraph --><!-- wp:paragraph -->\n<p><p>ALEJANDRA RAM\u00cdREZ ABOGADOS ne sera pas responsable des dommages ou pertes de quelque nature que ce soit subis par l'Utilisateur r\u00e9sultant de pannes ou de d\u00e9connexions dans les r\u00e9seaux de t\u00e9l\u00e9communications entra\u00eenant la suspension, l'annulation ou l'interruption du service du Portail pendant sa fourniture ou pr\u00e9alablement.<\/p><\/p>\n<!-- \/wp:paragraph --><!-- wp:list -->\n<ul><!-- wp:list-item -->\n<li><strong>LES CONTENUS ET SERVICES LI\u00c9S PAR LE PORTAIL<\/strong><\/li>\n<!-- \/wp:list-item --><\/ul>\n<!-- \/wp:list --><!-- wp:paragraph -->\n<p><p>Le service d'acc\u00e8s au Portail comprend des dispositifs techniques de liaison, des r\u00e9pertoires et m\u00eame des instruments de recherche qui permettent \u00e0 l'Utilisateur d'acc\u00e9der \u00e0 d'autres pages et portails Internet (ci-apr\u00e8s, les 'Sites Li\u00e9s'). Dans ces cas, ALEJANDRA RAM\u00cdREZ ABOGADOS agit en tant que prestataire de services d'interm\u00e9diation conform\u00e9ment \u00e0 l'article 17 de la loi 34\/2002, du 12 juillet, sur les services de la soci\u00e9t\u00e9 de l'information et du commerce \u00e9lectronique ('LSSI') et ne sera responsable des contenus et services fournis sur les Sites Li\u00e9s que dans la mesure o\u00f9 elle a connaissance effective de leur illic\u00e9it\u00e9 et n'a pas d\u00e9sactiv\u00e9 le lien avec la diligence requise. Dans le cas o\u00f9 l'Utilisateur estime qu'il existe un Site Li\u00e9 avec un contenu illicite ou inappropri\u00e9, il peut en informer ALEJANDRA RAM\u00cdREZ ABOGADOS \u00e0 l'adresse <a href=\"mailto:abogados@spain-extranjeria.com\">abogados@spain-extranjeria.com<\/a>, sans que cette communication n'entra\u00eene en aucun cas l'obligation de supprimer le lien correspondant.<\/p><\/p>\n<!-- \/wp:paragraph --><!-- wp:paragraph -->\n<p>En aucun cas, l'existence de Sites Li\u00e9s ne doit pr\u00e9supposer l'existence d'accords avec leurs responsables ou propri\u00e9taires, ni la recommandation, la promotion ou l'identification d'ALEJANDRA RAM\u00cdREZ ABOGADOS avec les d\u00e9clarations, contenus ou services fournis.<\/p>\n<!-- \/wp:paragraph --><!-- wp:paragraph -->\n<p>ALEJANDRA RAM\u00cdREZ ABOGADOS n'est pas au courant des contenus et des services des Sites Li\u00e9s et n'est donc pas responsable des dommages caus\u00e9s par l'ill\u00e9galit\u00e9, la qualit\u00e9, la v\u00e9racit\u00e9, l'indisponibilit\u00e9, l'erreur et l'inutilit\u00e9 des contenus et\/ou services des Sites Li\u00e9s ni pour tout autre dommage qui n'est pas directement imputable \u00e0 S-MM.<\/p>\n<!-- \/wp:paragraph --><!-- wp:paragraph -->\n<p class=\" translation-block\"><strong>7.- Mode de paiement. <\/strong><strong><\/strong>Le Client devra r\u00e9gler les honoraires par PayPal, carte de cr\u00e9dit\/d\u00e9bit ou par virement bancaire sur le compte indiqu\u00e9 sur le Site Web ou fourni par le Cabinet. Ces m\u00e9thodes de paiement peuvent entra\u00eener des frais de commission ou des co\u00fbts de change de devises, qui doivent \u00eatre support\u00e9s par le client. Le Cabinet doit recevoir le montant exact convenu pour les services et pas moins en raison des raisons susmentionn\u00e9es.L'utilisation frauduleuse de cartes de cr\u00e9dit, ou le refus de paiement pour quelque raison que ce soit, donne \u00e0 ALEJANDRA RAMIREZ ABOGADOS le droit de r\u00e9silier le contrat pour le Service Juridique achet\u00e9, sans pr\u00e9judice des responsabilit\u00e9s civiles et p\u00e9nales correspondantes.<\/p>\n<!-- \/wp:paragraph --><!-- wp:paragraph -->\n<p class=\" translation-block\"><strong>8.- Facturation. <\/strong><strong><\/strong>Si le Client souhaite que le Cabinet lui envoie par courrier ordinaire la facture correspondant au Service contract\u00e9, il doit en notifier express\u00e9ment par courrier \u00e9lectronique en r\u00e9ponse \u00e0 l'accus\u00e9 de r\u00e9ception du montant pay\u00e9. Dans le cas contraire, il sera pr\u00e9sum\u00e9 que le Client pr\u00e9f\u00e8re recevoir ladite facture par courrier \u00e9lectronique. Par cons\u00e9quent, et conform\u00e9ment aux dispositions de l'article 164. Un, 3\u00e8me et Deux de la Loi 37\/1992, du 28 d\u00e9cembre, Loi sur la Taxe sur la Valeur Ajout\u00e9e, le Client donne son consentement \u00e0 ce que ALEJANDRA RAMIREZ ABOGADOS \u00e9mette en son nom la facture correspondante au format \u00e9lectronique, ainsi qu'\u00e0 ce qu'elle lui soit envoy\u00e9e \u00e9lectroniquement \u00e0 l'adresse e-mail fournie au moment de la formalisation du contrat.<\/p>\n<!-- \/wp:paragraph --><!-- wp:paragraph -->\n<p class=\" translation-block\"><strong>9.- D\u00e9lais l\u00e9gaux. <\/strong><strong><\/strong>Dans le cas o\u00f9 une autorit\u00e9 judiciaire ou administrative aurait accord\u00e9 au Client un d\u00e9lai pour soumettre des documents, effectuer des actes de proc\u00e9dure ou administratifs, ou si le Client est soumis \u00e0 un d\u00e9lai de prescription ou de p\u00e9remption, le Client doit contracter le Service Juridique correspondant \u00e0 l'avance et informer imm\u00e9diatement ALEJANDRA RAMIREZ ABOGADOS de l'existence de ce d\u00e9lai.<\/p>\n<!-- \/wp:paragraph --><!-- wp:paragraph -->\n<p class=\" translation-block\"><strong>10.- Validit\u00e9 du contrat. <\/strong><strong><\/strong>Les pr\u00e9sentes Conditions G\u00e9n\u00e9rales de Contrat seront incorpor\u00e9es dans le contrat de location de Services Juridiques sign\u00e9 avec ALEJANDRA RAMIREZ ABOGADOS au moment o\u00f9 le Client donne son consentement, qui sera compris comme donn\u00e9 lors de la signature du document acceptant les conditions du cabinet pour les services y d\u00e9crits.\u00c9tant donn\u00e9 qu'il s'agit d'un contrat \u00e9lectronique, la signature de ce contrat sera remplac\u00e9e par l'acceptation de ces conditions g\u00e9n\u00e9rales effectu\u00e9e comme indiqu\u00e9 dans le paragraphe pr\u00e9c\u00e9dent.<\/p>\n<!-- \/wp:paragraph --><!-- wp:paragraph -->\n<p><strong>11.- Incidents et plaintes<\/strong><strong><br \/><\/strong>Si le client souhaite signaler un incident ou d\u00e9poser une plainte, il peut le faire par courrier \u00e9lectronique ou par courrier ordinaire.<\/p>\n<!-- \/wp:paragraph --><!-- wp:paragraph -->\n<p><strong>12. - Conservation du contrat<\/strong><strong><br \/><\/strong>Si le client souhaite conserver une copie de ce document, il doit l'imprimer au moment de la conclusion du contrat. Le cabinet d'avocats n'archivera pas individuellement ce document \u00e9lectronique pour chaque client \u00e0 travers lequel le contrat est formalis\u00e9.<\/p>\n<!-- \/wp:paragraph --><!-- wp:paragraph -->\n<p class=\" translation-block\"><strong>13.- Protection des donn\u00e9es<\/strong>\nConform\u00e9ment aux dispositions de la Loi organique 15\/1999 du 13 d\u00e9cembre sur la protection des donn\u00e9es \u00e0 caract\u00e8re personnel, et du D\u00e9cret royal 1720\/2007 du 21 d\u00e9cembre, approuvant le R\u00e8glement de d\u00e9veloppement de la Loi organique 15\/1999, le Cabinet informe que les donn\u00e9es fournies par le Client seront incorpor\u00e9es et trait\u00e9es dans les fichiers appartenant \u00e0 Armando Carrillo Romero, en tant que Responsable, dans le but de d\u00e9velopper la relation contractuelle \u00e9tablie, ainsi que pour recevoir des informations sur la divulgation l\u00e9gislative, des articles d'int\u00e9r\u00eat en mati\u00e8re juridique, et d'autres services fournis par le Cabinet par fax, voie postale ou \u00e9lectronique ou autres formes de communication \u00e0 distance li\u00e9es \u00e0 ses domaines d'action.\nLe Client autorise express\u00e9ment le traitement des donn\u00e9es personnelles pouvant \u00eatre collect\u00e9es lors de la fourniture du Service Juridique dans le but d\u00e9crit ci-dessus, parmi lesquelles peuvent figurer celles relatives \u00e0 la sant\u00e9 des individus, la commission d'infractions p\u00e9nales ou administratives, ou toute autre donn\u00e9e que le Client communique librement \u00e0 ALEJANDRA RAMIREZ ABOGADOS. De m\u00eame, le Client consent \u00e0 la communication de ses donn\u00e9es \u00e0 ces organismes, organisations, entit\u00e9s ou parties impliqu\u00e9es dans les affaires confi\u00e9es et dont le refus rendrait une telle disposition impossible.\nLe Client peut, \u00e0 tout moment, exercer ses droits d'acc\u00e8s, de rectification, d'annulation et d'opposition. L'exercice de ces droits peut \u00eatre effectu\u00e9 par communication \u00e9crite \u00e0 l'adresse suivante : Calle Alameda de Col\u00f3n, 17, 1\u00ba A (M\u00e1laga), ou en envoyant un e-mail \u00e0 l'adresse suivante : abogados@spain-extranjeria.com, en accompagnant dans les deux cas une copie de la pi\u00e8ce d'identit\u00e9. Le Client peut \u00e9galement exercer ces droits dans les termes pr\u00e9vus par la r\u00e9glementation applicable, consultable sur www.agpd.es.<\/p>\n<!-- \/wp:paragraph --><!-- wp:paragraph -->\n<p><strong>14.- Secret professionnel et confidentialit\u00e9<\/strong><strong><br \/><\/strong>ALEJANDRA RAMIREZ ABOGADOS s'engage \u00e0 traiter de mani\u00e8re confidentielle les informations auxquelles elle a acc\u00e8s dans le cadre de la prestation de services juridiques, et ce, en respectant le secret professionnel, conform\u00e9ment \u00e0 sa Politique de Protection des Donn\u00e9es.<\/p>\n<!-- \/wp:paragraph --><!-- wp:paragraph -->\n<p class=\" translation-block\"><strong>15.- Terme et Dur\u00e9e. <\/strong>\nLe contrat entrera en vigueur et produira ses effets \u00e0 partir du moment o\u00f9 le client contracte le service (en signant le document acceptant les services). Le contrat aura une dur\u00e9e estim\u00e9e, d\u00e9termin\u00e9e par la r\u00e9ception par le client de la r\u00e9ponse au service contract\u00e9, car la r\u00e9ponse d\u00e9pend d'une entit\u00e9 publique, que ce soit l'Immigration ou la U.G.E.\nALEJANDRA RAMIREZ ABOGADOS se r\u00e9serve le droit de r\u00e9silier le contrat en cas d'utilisation non autoris\u00e9e du service, que ce soit en violation des dispositions des pr\u00e9sentes conditions g\u00e9n\u00e9rales de contrat ou de toute disposition l\u00e9gale applicable. Dans le cas o\u00f9 ALEJANDRA RAMIREZ ABOGADOS r\u00e9silie le contrat pour l'une des raisons \u00e9nonc\u00e9es dans cette clause, aucune obligation ou responsabilit\u00e9 ne incombera au Cabinet, et aucun montant pr\u00e9alablement pay\u00e9 ne sera rembours\u00e9 dans ces cas.<\/p>\n<!-- \/wp:paragraph --><!-- wp:paragraph -->\n<p class=\" translation-block\"><strong>16.- Conflit d'int\u00e9r\u00eats<\/strong>\n  Dans le cas o\u00f9 deux clients aux int\u00e9r\u00eats contradictoires dans la m\u00eame affaire co\u00efncident, et qui ont conclu un contrat avec le Cabinet, seul celui qui soumet la demande en premier sera pris en compte. ALEJANDRA RAMIREZ ABOGADOS remboursera les frais de consultation au client qui ne peut pas \u00eatre r\u00e9pondu.<\/p>\n<!-- \/wp:paragraph --><!-- wp:paragraph -->\n<p>Il sera donc entendu qu'il y a un conflit d'int\u00e9r\u00eats, entre autres cas, lorsqu'une r\u00e9clamation est faite ou un conseil est demand\u00e9 contre un autre client du Cabinet, qu'il s'agisse d'une personne physique ou morale.<\/p>\n<!-- \/wp:paragraph --><!-- wp:paragraph -->\n<p class=\" translation-block\"><strong>17.- Responsabilit\u00e9<\/strong>\n   ALEJANDRA RAMIREZ ABOGADOS n'assume aucune responsabilit\u00e9 pour les dommages, pertes, r\u00e9clamations ou d\u00e9penses caus\u00e9s par :\na. Des interf\u00e9rences, des interruptions, des pannes, des omissions, des pannes t\u00e9l\u00e9phoniques, des retards, des blocages et\/ou des d\u00e9connexions dans le fonctionnement du syst\u00e8me \u00e9lectronique, caus\u00e9s par des d\u00e9ficiences, des surcharges et des erreurs dans les lignes et r\u00e9seaux de t\u00e9l\u00e9communications, ou pour toute autre cause ind\u00e9pendante de son contr\u00f4le.\nb. L'utilisation de programmes malveillants de tout type et par tout moyen de communication, tels que des virus informatiques ou tout autre.\nc. Une utilisation impropre et\/ou inad\u00e9quate des pages du site web.\nd. Des erreurs de s\u00e9curit\u00e9 et\/ou de navigation caus\u00e9es par un dysfonctionnement du navigateur ou par l'utilisation de versions obsol\u00e8tes de celui-ci.\nLe Client est conscient, et accepte volontairement, que l'utilisation du site web se fait, en tout \u00e9tat de cause, sous sa seule responsabilit\u00e9.\nLe Client sera responsable des dommages de toute nature que ALEJANDRA RAMIREZ ABOGADOS pourrait subir en raison de la violation de l'une quelconque des obligations auxquelles il est soumis en vertu des pr\u00e9sentes conditions g\u00e9n\u00e9rales de service ou en vertu de la l\u00e9gislation applicable concernant l'utilisation du site web et la diffusion publique non autoris\u00e9e des conseils juridiques fournis.<\/p>\n<!-- \/wp:paragraph --><!-- wp:paragraph -->\n<p class=\" translation-block\"><strong>18.- Loi Applicable<\/strong>\n  Les parties reconnaissent que la loi applicable \u00e0 ce contrat, et \u00e0 toutes les relations juridiques qui en d\u00e9coulent, sera la loi espagnole, par application expresse des dispositions de l'article 1,262 du Code civil, en relation avec les dispositions du Chapitre IV, Titre Pr\u00e9liminaire du m\u00eame corps juridique.<\/p>\n<!-- \/wp:paragraph --><!-- wp:paragraph -->\n<p>Le pr\u00e9sent avis juridique est r\u00e9gi dans chacun de ses aspects par la loi espagnole.<\/p>\n<!-- \/wp:paragraph --><!-- wp:paragraph -->\n<p class=\" translation-block\"><strong>19.- Juridiction<\/strong>. Les dispositions non couvertes par ces Conditions G\u00e9n\u00e9rales d'Utilisation seront r\u00e9gies par les lois espagnoles en vigueur. Tout litige non r\u00e9solu \u00e0 l'amiable sera soumis \u00e0 la juridiction des tribunaux de Madrid dans le cas des personnes morales, et dans le cas des consommateurs et utilisateurs, des personnes physiques, \u00e0 ces tribunaux d\u00e9termin\u00e9s conform\u00e9ment aux r\u00e8gles de r\u00e9partition proc\u00e9durale en vigueur.La version actuelle des conditions restera publi\u00e9e sur le site web pour consultation. Il est donc de la responsabilit\u00e9 de l'utilisateur de conserver une copie des conditions accept\u00e9es pour toute r\u00e9clamation ult\u00e9rieure.<\/p>\n<!-- \/wp:paragraph --><\/div>\n<!-- \/wp:group --><\/div>\n<!-- \/wp:group -->\t\t\t\t\t\t<\/div>\n\t\t\t\t<\/div>\n\t\t\t\t\t<\/div>\n\t\t\t\t<\/div>\n\t\t\t\t<\/div>","protected":false},"excerpt":{"rendered":"<p>1.- Identification des partiesD'une part, ALEJANDRA RAMIREZ ABOGADOS, propri\u00e9taire du site web www.spain-extranjeria.com, appartenant \u00e0 Mme Alejandra Ram\u00edrez Mesa (ci-apr\u00e8s ALEJANDRA RAMIREZ ABOGADOS), avocate [...].<\/p>","protected":false},"author":1,"featured_media":0,"parent":0,"menu_order":0,"comment_status":"closed","ping_status":"open","template":"","meta":{"footnotes":""},"aioseo_notices":[],"_links":{"self":[{"href":"https:\/\/spain-extranjeria.com\/fr\/wp-json\/wp\/v2\/pages\/3"}],"collection":[{"href":"https:\/\/spain-extranjeria.com\/fr\/wp-json\/wp\/v2\/pages"}],"about":[{"href":"https:\/\/spain-extranjeria.com\/fr\/wp-json\/wp\/v2\/types\/page"}],"author":[{"embeddable":true,"href":"https:\/\/spain-extranjeria.com\/fr\/wp-json\/wp\/v2\/users\/1"}],"replies":[{"embeddable":true,"href":"https:\/\/spain-extranjeria.com\/fr\/wp-json\/wp\/v2\/comments?post=3"}],"version-history":[{"count":12,"href":"https:\/\/spain-extranjeria.com\/fr\/wp-json\/wp\/v2\/pages\/3\/revisions"}],"predecessor-version":[{"id":6900,"href":"https:\/\/spain-extranjeria.com\/fr\/wp-json\/wp\/v2\/pages\/3\/revisions\/6900"}],"wp:attachment":[{"href":"https:\/\/spain-extranjeria.com\/fr\/wp-json\/wp\/v2\/media?parent=3"}],"curies":[{"name":"wp","href":"https:\/\/api.w.org\/{rel}","templated":true}]}}