{"id":6527,"date":"2024-04-02T09:58:52","date_gmt":"2024-04-02T09:58:52","guid":{"rendered":"https:\/\/spain-extranjeria.lndo.site\/?page_id=6527"},"modified":"2024-04-15T19:34:42","modified_gmt":"2024-04-15T19:34:42","slug":"sitemap","status":"publish","type":"page","link":"https:\/\/spain-extranjeria.com\/fr\/plan-du-site\/","title":{"rendered":"Plan du site"},"content":{"rendered":"<p><div class=\"wsp-container\"><h2 class=\"wsp-pages-title\">Pages<\/h2>\n<ul class=\"wsp-pages-list\">\n<li class=\"page_item page-item-3\"><a href=\"https:\/\/spain-extranjeria.com\/fr\/conditions-generales\/\">Conditions G\u00e9n\u00e9rales de Vente<\/a><\/li>\n<li class=\"page_item page-item-3738\"><a href=\"https:\/\/spain-extranjeria.com\/fr\/contactez-nous\/\">Contactez-nous<\/a><\/li>\n<li class=\"page_item page-item-3632\"><a href=\"https:\/\/spain-extranjeria.com\/fr\/faq\/\">FAQ<\/a><\/li>\n<li class=\"page_item page-item-6527\"><a href=\"https:\/\/spain-extranjeria.com\/fr\/plan-du-site\/\">Plan du site<\/a><\/li>\n<li class=\"page_item page-item-2427\"><a href=\"https:\/\/spain-extranjeria.com\/fr\/qui-sommes-nous\/\">Qui sommes-nous<\/a><\/li>\n<li class=\"page_item page-item-941\"><a href=\"https:\/\/spain-extranjeria.com\/fr\/services\/\">Services<\/a><\/li>\n<li class=\"page_item page-item-3441\"><a href=\"https:\/\/spain-extranjeria.com\/fr\/\">Spain Extranjer\u00eda - Demande de r\u00e9sidence P.A.C. pour les m\u00e9decins en Espagne<\/a><\/li>\n<\/ul>\n<\/div><br \/>\n<div class=\"wsp-container\"><h2 class=\"wsp-practise_areas-title\">Services<\/h2>\n<ul class=\"wsp-practise_areas-list\">\n<li><a href=\"https:\/\/spain-extranjeria.com\/fr\/servicio\/nomade-numerique\/\">NOMAD NUM\u00c9RIQUE<\/a><\/li>\n<li><a href=\"https:\/\/spain-extranjeria.com\/fr\/servicio\/residence-pour-les-membres-espagnols-de-la-famille\/\">R\u00e9sidence des membres de la famille espagnole<\/a><\/li>\n<li><a href=\"https:\/\/spain-extranjeria.com\/fr\/servicio\/deuxieme-chance\/\">Arraigo Deuxi\u00e8me chance<\/a><\/li>\n<li><a href=\"https:\/\/spain-extranjeria.com\/fr\/servicio\/renouvellements\/\">Renouvellements<\/a><\/li>\n<li><a href=\"https:\/\/spain-extranjeria.com\/fr\/servicio\/professionnel-hautement-qualifie\/\">P.A.C (Professionnel Hautement Qualifi\u00e9)<\/a><\/li>\n<li><a href=\"https:\/\/spain-extranjeria.com\/fr\/servicio\/homologations-reconnaissances-speciales\/\">Homologations \/ Reconnaissances Sp\u00e9ciales<\/a><\/li>\n<li><a href=\"https:\/\/spain-extranjeria.com\/fr\/servicio\/nationalite\/\">Nationalit\u00e9<\/a><\/li>\n<li><a href=\"https:\/\/spain-extranjeria.com\/fr\/servicio\/residence-en-tant-que-salarie\/\">R\u00e9sidence salari\u00e9e<\/a><\/li>\n<li><a href=\"https:\/\/spain-extranjeria.com\/fr\/servicio\/residence-pour-compte-propre\/\">R\u00e9sidence travailleur ind\u00e9pendant<\/a><\/li>\n<li><a href=\"https:\/\/spain-extranjeria.com\/fr\/servicio\/residence-sans-but-lucratif\/\">R\u00e9sidence non lucrative<\/a><\/li>\n<li><a href=\"https:\/\/spain-extranjeria.com\/fr\/servicio\/residence-de-longue-duree\/\">R\u00e9sidence de longue dur\u00e9e \/ R\u00e9sidence de longue dur\u00e9e UE<\/a><\/li>\n<li><a href=\"https:\/\/spain-extranjeria.com\/fr\/servicio\/racines-sociales\/\">Ancrage social<\/a><\/li>\n<li><a href=\"https:\/\/spain-extranjeria.com\/fr\/servicio\/racines-de-lemploi\/\">Racines socioprofessionnelles<\/a><\/li>\n<li><a href=\"https:\/\/spain-extranjeria.com\/fr\/servicio\/formation-a-lenracinement\/\">Enracinement socio-formatif<\/a><\/li>\n<li><a href=\"https:\/\/spain-extranjeria.com\/fr\/servicio\/ressources\/\">Ressources<\/a><\/li>\n<li><a href=\"https:\/\/spain-extranjeria.com\/fr\/servicio\/visa-dor\/\">Visa dor\u00e9e<\/a><\/li>\n<\/ul>\n<\/div><\/p>","protected":false},"excerpt":{"rendered":"","protected":false},"author":1,"featured_media":0,"parent":0,"menu_order":0,"comment_status":"closed","ping_status":"closed","template":"","meta":{"footnotes":""},"aioseo_notices":[],"_links":{"self":[{"href":"https:\/\/spain-extranjeria.com\/fr\/wp-json\/wp\/v2\/pages\/6527"}],"collection":[{"href":"https:\/\/spain-extranjeria.com\/fr\/wp-json\/wp\/v2\/pages"}],"about":[{"href":"https:\/\/spain-extranjeria.com\/fr\/wp-json\/wp\/v2\/types\/page"}],"author":[{"embeddable":true,"href":"https:\/\/spain-extranjeria.com\/fr\/wp-json\/wp\/v2\/users\/1"}],"replies":[{"embeddable":true,"href":"https:\/\/spain-extranjeria.com\/fr\/wp-json\/wp\/v2\/comments?post=6527"}],"version-history":[{"count":3,"href":"https:\/\/spain-extranjeria.com\/fr\/wp-json\/wp\/v2\/pages\/6527\/revisions"}],"predecessor-version":[{"id":6605,"href":"https:\/\/spain-extranjeria.com\/fr\/wp-json\/wp\/v2\/pages\/6527\/revisions\/6605"}],"wp:attachment":[{"href":"https:\/\/spain-extranjeria.com\/fr\/wp-json\/wp\/v2\/media?parent=6527"}],"curies":[{"name":"wp","href":"https:\/\/api.w.org\/{rel}","templated":true}]}}